{"id":13,"date":"2018-05-28T14:46:42","date_gmt":"2018-05-28T14:46:42","guid":{"rendered":"http:\/\/hausgeraete-winkler.de\/?page_id=13"},"modified":"2019-01-19T14:24:13","modified_gmt":"2019-01-19T14:24:13","slug":"leistungen","status":"publish","type":"page","link":"http:\/\/hausgeraete-winkler.de\/?page_id=13","title":{"rendered":"Leistungen"},"content":{"rendered":"\n<p><strong> Neuanlagen\u00a0<\/strong><\/p>\n\n\n\n<p>1. Individuelle und pers\u00f6nliche Beratung f\u00fcr Erweiterungen oder Errichtungen der Anlagen<\/p>\n\n\n\n<p>2. Ausr\u00fcstung der Anlagen mit Materialien hoher Qualit\u00e4t und Lebensdauer\u00a0Pr\u00fcfung  von E-Anlagen im privaten und gewerblichen Bereich\u00a0<\/p>\n\n\n\n<p>3. Errichtung von E-Anlagen f\u00fcr Privat, Gewerbe, Industrie und Landwirtschaft\u00a0<\/p>\n\n\n\n<p>4. Reparatur und Wartung von Maschinen und Ger\u00e4ten\u00a0<\/p>\n\n\n\n<p>5. Kennzeichnung mit Pr\u00fcfsiegeln<\/p>\n","protected":false},"excerpt":{"rendered":"<p>Neuanlagen\u00a0 1. Individuelle und pers\u00f6nliche Beratung f\u00fcr Erweiterungen oder Errichtungen der Anlagen 2. Ausr\u00fcstung der Anlagen mit Materialien hoher Qualit\u00e4t und Lebensdauer\u00a0Pr\u00fcfung von E-Anlagen im privaten und gewerblichen Bereich\u00a0 3. Errichtung von E-Anlagen f\u00fcr Privat, Gewerbe, Industrie und Landwirtschaft\u00a0 4. &hellip; <a href=\"http:\/\/hausgeraete-winkler.de\/?page_id=13\">Weiterlesen <span class=\"meta-nav\">&rarr;<\/span><\/a><\/p>\n","protected":false},"author":1,"featured_media":0,"parent":0,"menu_order":0,"comment_status":"closed","ping_status":"closed","template":"","meta":[],"_links":{"self":[{"href":"http:\/\/hausgeraete-winkler.de\/index.php?rest_route=\/wp\/v2\/pages\/13"}],"collection":[{"href":"http:\/\/hausgeraete-winkler.de\/index.php?rest_route=\/wp\/v2\/pages"}],"about":[{"href":"http:\/\/hausgeraete-winkler.de\/index.php?rest_route=\/wp\/v2\/types\/page"}],"author":[{"embeddable":true,"href":"http:\/\/hausgeraete-winkler.de\/index.php?rest_route=\/wp\/v2\/users\/1"}],"replies":[{"embeddable":true,"href":"http:\/\/hausgeraete-winkler.de\/index.php?rest_route=%2Fwp%2Fv2%2Fcomments&post=13"}],"version-history":[{"count":3,"href":"http:\/\/hausgeraete-winkler.de\/index.php?rest_route=\/wp\/v2\/pages\/13\/revisions"}],"predecessor-version":[{"id":49,"href":"http:\/\/hausgeraete-winkler.de\/index.php?rest_route=\/wp\/v2\/pages\/13\/revisions\/49"}],"wp:attachment":[{"href":"http:\/\/hausgeraete-winkler.de\/index.php?rest_route=%2Fwp%2Fv2%2Fmedia&parent=13"}],"curies":[{"name":"wp","href":"https:\/\/api.w.org\/{rel}","templated":true}]}}